{"id":3590,"date":"2021-04-26T06:35:15","date_gmt":"2021-04-26T06:35:15","guid":{"rendered":"https:\/\/wcwpml.kringelstan.se\/?page_id=3590"},"modified":"2023-01-10T14:00:43","modified_gmt":"2023-01-10T14:00:43","slug":"contact","status":"publish","type":"page","link":"https:\/\/iftl.se\/en\/contact\/","title":{"rendered":"Contact"},"content":{"rendered":"<div class=\"content-wrap\">\n<div class=\"wp-block-group block-kontaktboxar\"><div class=\"wp-block-group__inner-container is-layout-flow wp-block-group-is-layout-flow\">\n<div class=\"wp-block-columns is-layout-flex wp-container-core-columns-is-layout-9d6595d7 wp-block-columns-is-layout-flex\">\n<div class=\"wp-block-column is-layout-flow wp-block-column-is-layout-flow\">\n<h6 class=\"wp-block-heading\">Company<\/h6>\n\n\n\n<p>Ingenj\u00f6rsfirma Tommy Leindahl AB<br>Bovallsv\u00e4gen 1B<br>152 42 S\u00f6dert\u00e4lje<\/p>\n<\/div>\n\n\n\n<div class=\"wp-block-column is-layout-flow wp-block-column-is-layout-flow\">\n<h6 class=\"wp-block-heading\">Contact<\/h6>\n\n\n\n<p>Phone: <a href=\"tel:+46(0)70-4187681\" data-type=\"tel\" data-id=\"tel:+46(0)70-4187681\">+46(0)70-4187681<\/a><br>Email: <a href=\"mailto:info@kringelstan.se\"><\/a><a href=\"mailto:info@iftl.se\">info@iftl.se<\/a><\/p>\n<\/div>\n<\/div>\n<\/div><\/div>\n\n\n\n<h2 class=\"wp-block-heading\">Find us<\/h2>\n\n\n\n<div class=\"gm-wrapper\"><iframe data-src=\"https:\/\/www.google.com\/maps\/embed?pb=!1m18!1m12!1m3!1d2042.5328838478226!2d17.66087001606737!3d59.20710708161624!2m3!1f0!2f0!3f0!3m2!1i1024!2i768!4f13.1!3m3!1m2!1s0x465f0d4f92e27bbb%3A0xbb18051ee21d9db6!2sIngenj%C3%B6rsfirma%20Tommy%20Leindahl%20AB!5e0!3m2!1ssv!2sse!4v1673264096554!5m2!1ssv!2sse\" width=\"600\" height=\"450\" style=\"border:0;\" allowfullscreen=\"\" referrerpolicy=\"no-referrer-when-downgrade\" src=\"data:image\/svg+xml;base64,PHN2ZyB3aWR0aD0iMSIgaGVpZ2h0PSIxIiB4bWxucz0iaHR0cDovL3d3dy53My5vcmcvMjAwMC9zdmciPjwvc3ZnPg==\" class=\"lazyload\" data-load-mode=\"1\"><\/iframe><\/div>\n\n\n\n<h2 class=\"wp-block-heading\">Email us<\/h2>\n\n\n<div class=\"wpforms-container wpforms-container-full wpforms-block\" id=\"wpforms-4330\"><form id=\"wpforms-form-4330\" class=\"wpforms-validate wpforms-form\" data-formid=\"4330\" method=\"post\" enctype=\"multipart\/form-data\" action=\"\/en\/wp-json\/wp\/v2\/pages\/3590\" data-token=\"260272d9e1dcad4f4a8ab582ad6d02ca\" data-token-time=\"1778841845\"><noscript class=\"wpforms-error-noscript\">Please enable JavaScript in your browser to complete this form.<\/noscript><div class=\"wpforms-field-container\"><div id=\"wpforms-4330-field_21-container\" class=\"wpforms-field wpforms-field-layout\" data-field-id=\"21\"><div class=\"wpforms-field-layout-columns wpforms-field-layout-preset-33-33-33\"><div class=\"wpforms-layout-column wpforms-layout-column-33\" ><div id=\"wpforms-4330-field_3-container\" class=\"wpforms-field wpforms-field-text wpforms-one-half wpforms-first\" data-field-id=\"3\"><label class=\"wpforms-field-label wpforms-label-hide\" for=\"wpforms-4330-field_3\">Name <span class=\"wpforms-required-label\">*<\/span><\/label><input type=\"text\" id=\"wpforms-4330-field_3\" class=\"wpforms-field-large wpforms-field-required\" name=\"wpforms[fields][3]\" placeholder=\"Name\" required><\/div><\/div><div class=\"wpforms-layout-column wpforms-layout-column-33\" ><div id=\"wpforms-4330-field_1-container\" class=\"wpforms-field wpforms-field-email wpforms-one-half\" data-field-id=\"1\"><label class=\"wpforms-field-label wpforms-label-hide\" for=\"wpforms-4330-field_1\">Email <span class=\"wpforms-required-label\">*<\/span><\/label><input type=\"email\" id=\"wpforms-4330-field_1\" class=\"wpforms-field-large wpforms-field-required\" name=\"wpforms[fields][1]\" placeholder=\"Email\" spellcheck=\"false\" required><\/div><\/div><div class=\"wpforms-layout-column wpforms-layout-column-33\" ><div id=\"wpforms-4330-field_8-container\" class=\"wpforms-field wpforms-field-text\" data-field-id=\"8\"><label class=\"wpforms-field-label wpforms-label-hide\" for=\"wpforms-4330-field_8\">Phone <span class=\"wpforms-required-label\">*<\/span><\/label><input type=\"text\" id=\"wpforms-4330-field_8\" class=\"wpforms-field-large wpforms-field-required\" name=\"wpforms[fields][8]\" placeholder=\"Phone\" required><\/div><\/div><\/div><\/div><div id=\"wpforms-4330-field_22-container\" class=\"wpforms-field wpforms-field-textarea\" data-field-id=\"22\"><label class=\"wpforms-field-label wpforms-label-hide\" for=\"wpforms-4330-field_22\">Message<\/label><textarea id=\"wpforms-4330-field_22\" class=\"wpforms-field-medium\" name=\"wpforms[fields][22]\" placeholder=\"Message\" ><\/textarea><\/div><\/div><!-- .wpforms-field-container --><div class=\"wpforms-field wpforms-field-hp\"><label for=\"wpforms-4330-field-hp\" class=\"wpforms-field-label\">Email<\/label><input type=\"text\" name=\"wpforms[hp]\" id=\"wpforms-4330-field-hp\" class=\"wpforms-field-medium\"><\/div><div class=\"wpforms-recaptcha-container wpforms-is-recaptcha wpforms-is-recaptcha-type-invisible\" ><div class=\"g-recaptcha\" data-sitekey=\"6LeoUDYlAAAAAFdFY9VX7gD20ixZA8rpQHZ4pfOM\" data-size=\"invisible\"><\/div><\/div><div class=\"wpforms-submit-container\" ><input type=\"hidden\" name=\"wpforms[id]\" value=\"4330\"><input type=\"hidden\" name=\"page_title\" value=\"\"><input type=\"hidden\" name=\"page_url\" value=\"https:\/\/iftl.se\/en\/wp-json\/wp\/v2\/pages\/3590\"><button type=\"submit\" name=\"wpforms[submit]\" id=\"wpforms-submit-4330\" class=\"wpforms-submit\" data-alt-text=\"Sending...\" data-submit-text=\"Send\" aria-live=\"assertive\" value=\"wpforms-submit\">Send<\/button><\/div><\/form><\/div>  <!-- .wpforms-container --><\/div>","protected":false},"excerpt":{"rendered":"<p>Company Ingenj\u00f6rsfirma Tommy Leindahl ABBovallsv\u00e4gen 1B152 42 S\u00f6dert\u00e4lje Contact Phone: +46(0)70-4187681Email: info@iftl.se Find us Email us<\/p>\n","protected":false},"author":1,"featured_media":0,"parent":0,"menu_order":13,"comment_status":"closed","ping_status":"closed","template":"","meta":{"footnotes":""},"class_list":["post-3590","page","type-page","status-publish","hentry"],"acf":[],"_links":{"self":[{"href":"https:\/\/iftl.se\/en\/wp-json\/wp\/v2\/pages\/3590","targetHints":{"allow":["GET"]}}],"collection":[{"href":"https:\/\/iftl.se\/en\/wp-json\/wp\/v2\/pages"}],"about":[{"href":"https:\/\/iftl.se\/en\/wp-json\/wp\/v2\/types\/page"}],"author":[{"embeddable":true,"href":"https:\/\/iftl.se\/en\/wp-json\/wp\/v2\/users\/1"}],"replies":[{"embeddable":true,"href":"https:\/\/iftl.se\/en\/wp-json\/wp\/v2\/comments?post=3590"}],"version-history":[{"count":10,"href":"https:\/\/iftl.se\/en\/wp-json\/wp\/v2\/pages\/3590\/revisions"}],"predecessor-version":[{"id":4398,"href":"https:\/\/iftl.se\/en\/wp-json\/wp\/v2\/pages\/3590\/revisions\/4398"}],"wp:attachment":[{"href":"https:\/\/iftl.se\/en\/wp-json\/wp\/v2\/media?parent=3590"}],"curies":[{"name":"wp","href":"https:\/\/api.w.org\/{rel}","templated":true}]}}